{"id":146,"date":"2013-03-27T14:35:52","date_gmt":"2013-03-27T14:35:52","guid":{"rendered":"https:\/\/www.unionecomunibelvedereomorrodalbasanmarcello.it\/?page_id=146"},"modified":"2024-10-30T18:44:52","modified_gmt":"2024-10-30T17:44:52","slug":"ragioneria","status":"publish","type":"page","link":"https:\/\/www.unionecomunibelvedereomorrodalbasanmarcello.it\/?page_id=146","title":{"rendered":"Ragioneria"},"content":{"rendered":"<div class=\"body\">\n<div class=\"testo\">\n<p><strong>Responsabile Dott.ssa Rubino Margherita<br \/>\n<\/strong><\/p>\n<p><strong>Istruttore amm.vo\/contabile Dott.ssa Conti Mariella<\/strong><\/p>\n<p>Orario Ufficio<\/p>\n<p>dal Lunedi al Mercoled\u00ec 11,00-13,00<\/p>\n<p>mercoled\u00ec 15,30-17,30<\/p>\n<p>gioved\u00ec 08,30-10,30<\/p>\n<\/div>\n<\/div>\n","protected":false},"excerpt":{"rendered":"<p>Responsabile Dott.ssa Rubino Margherita Istruttore amm.vo\/contabile Dott.ssa Conti Mariella Orario Ufficio dal Lunedi al Mercoled\u00ec 11,00-13,00 mercoled\u00ec 15,30-17,30 gioved\u00ec 08,30-10,30<\/p>\n","protected":false},"author":1,"featured_media":0,"parent":0,"menu_order":0,"comment_status":"closed","ping_status":"closed","template":"","meta":[],"_links":{"self":[{"href":"https:\/\/www.unionecomunibelvedereomorrodalbasanmarcello.it\/index.php?rest_route=\/wp\/v2\/pages\/146"}],"collection":[{"href":"https:\/\/www.unionecomunibelvedereomorrodalbasanmarcello.it\/index.php?rest_route=\/wp\/v2\/pages"}],"about":[{"href":"https:\/\/www.unionecomunibelvedereomorrodalbasanmarcello.it\/index.php?rest_route=\/wp\/v2\/types\/page"}],"author":[{"embeddable":true,"href":"https:\/\/www.unionecomunibelvedereomorrodalbasanmarcello.it\/index.php?rest_route=\/wp\/v2\/users\/1"}],"replies":[{"embeddable":true,"href":"https:\/\/www.unionecomunibelvedereomorrodalbasanmarcello.it\/index.php?rest_route=%2Fwp%2Fv2%2Fcomments&post=146"}],"version-history":[{"count":3,"href":"https:\/\/www.unionecomunibelvedereomorrodalbasanmarcello.it\/index.php?rest_route=\/wp\/v2\/pages\/146\/revisions"}],"predecessor-version":[{"id":1766,"href":"https:\/\/www.unionecomunibelvedereomorrodalbasanmarcello.it\/index.php?rest_route=\/wp\/v2\/pages\/146\/revisions\/1766"}],"wp:attachment":[{"href":"https:\/\/www.unionecomunibelvedereomorrodalbasanmarcello.it\/index.php?rest_route=%2Fwp%2Fv2%2Fmedia&parent=146"}],"curies":[{"name":"wp","href":"https:\/\/api.w.org\/{rel}","templated":true}]}}