{"id":78,"date":"2013-03-27T10:12:13","date_gmt":"2013-03-27T10:12:13","guid":{"rendered":"https:\/\/www.unionecomunibelvedereomorrodalbasanmarcello.it\/?page_id=78"},"modified":"2024-12-09T18:23:06","modified_gmt":"2024-12-09T17:23:06","slug":"diritti-di-istruttoria","status":"publish","type":"page","link":"https:\/\/www.unionecomunibelvedereomorrodalbasanmarcello.it\/?page_id=78","title":{"rendered":"Diritti di Istruttoria"},"content":{"rendered":"<p><!-- Inserisci qui il testo [if gte mso 9]&gt;--><\/p>\n<p class=\"MsoNormal\"><span style=\"font-family: Arial;\">I diritti di istruttoria possono essere versati\u00a0 <\/span><\/p>\n<ul>\n<li class=\"MsoNormal\"><span style=\"font-family: Arial;\">a mezzo di conto corrente\u00a0 postale n. 42105916 intestato a Unione dei Comuni\u00a0 di Belvedere O-Morro d\u2019Alba -San Marcello- servizio tesoreria\u00a0 specificando come causale &#8220;pagamento diritti di istruttoria&#8221; &#8211;<\/span><\/li>\n<li class=\"MsoNormal\" style=\"text-align: left;\"><span style=\"font-family: Arial;\">\u00a0presso la tesoreria dell&#8217;Unione\u00a0<\/span><\/li>\n<\/ul>\n<p style=\"text-align: center;\">Codice IBAN:\u00a0 IT12 C087 0437 4600 0000 0103 166<\/p>\n<p><a href=\"https:\/\/www.unionecomunibelvedereomorrodalbasanmarcello.it\/wp-content\/uploads\/2023\/01\/AVVISO_TESORERIA-1.pdf\">AVVISO_TESORERIA<\/a><\/p>\n<p class=\"MsoNormal\" style=\"text-align: center;\"><span style=\"font-family: Arial;\">La ricevuta del versamento dovr\u00e0 essere allegata alla pratica al momento dell&#8217;inoltro al Suap.<br \/>\n<\/span><\/p>\n<p class=\"MsoNormal\" style=\"text-align: center;\" align=\"center\"><b><span style=\"font-size: 11.0pt; font-family: Arial;\">SPORTELLO UNICO PER LE ATTIVITA\u2019 PRODUTTIVE DELL\u2019UNIONE DEI COMUNI DI BELVEDERE OSTRENSE , MORRO D\u2019ALBA E SAN MARCELLO<\/span><\/b><\/p>\n<p class=\"MsoNormal\" style=\"text-align: center;\" align=\"center\"><span style=\"font-size: 11.0pt; font-family: Arial;\">\u00a0<\/span><\/p>\n<p class=\"MsoNormal\" style=\"text-align: center;\" align=\"center\"><span style=\"font-size: 11.0pt; font-family: Arial;\">DIRITTO DI ISTRUTTORIA <\/span><\/p>\n<p class=\"MsoNormal\" style=\"text-align: center;\" align=\"center\"><span style=\"font-size: 11.0pt; font-family: Arial;\">PER I PROCEDIMENTI DI CUI AL D.P.R. 7 SETTEMBRE 2010, N. 160<\/span><\/p>\n<p class=\"MsoNormal\" style=\"text-align: center;\" align=\"center\"><span style=\"font-size: 11.0pt; font-family: Arial;\">\u00a0<\/span><\/p>\n<table class=\"MsoTableGrid\" style=\"height: 1908px; width: 100%; border-collapse: collapse; border-color: #636363; border-style: solid;\" border=\"1\" cellspacing=\"0\" cellpadding=\"0\">\n<tbody>\n<tr style=\"height: 102px;\">\n<td style=\"height: 102px; width: 74.9091%;\" valign=\"top\">\n<p style=\"text-align: center;\"><strong>PRATICHE SUAP<\/strong><\/p>\n<\/td>\n<td style=\"height: 102px; width: 9.33333%;\" valign=\"top\">\n<p align=\"center\"><strong>INVIO PER P.E.C.<\/strong><\/p>\n<\/td>\n<td style=\"height: 102px; width: 15.6364%;\" valign=\"top\">\n<p align=\"center\"><strong>INVIO VIA WEB BROWSER<\/strong><\/p>\n<\/td>\n<\/tr>\n<tr style=\"height: 94px;\">\n<td style=\"height: 94px; width: 74.9091%;\" valign=\"top\">PROCEDIMENTO AUTOMATIZZATO relativo a procedimenti di competenza diretta del SUAP dell\u2019UNIONE (es. SCIA \/TU\u00a0 commercio, polizia amministrativa strutture ricettive extralberghiere, agriturismo, NIA sanitarie, Ambiente AUA,\u00a0 ecc&#8230;)<\/td>\n<td style=\"height: 94px; width: 9.33333%;\" valign=\"top\">\n<p align=\"center\">\u20ac 30,00<\/p>\n<\/td>\n<td style=\"height: 94px; width: 15.6364%;\" valign=\"top\">\n<p align=\"center\">\u20ac 20,00<\/p>\n<\/td>\n<\/tr>\n<tr style=\"height: 434px;\">\n<td style=\"height: 434px; width: 74.9091%;\" valign=\"top\">PROCEDIMENTO AUTOMATIZZATO relativo a procedimenti di competenza diretta del SUAP dell\u2019UNIONE, solo per le seguenti tipologia:<\/p>\n<ul>\n<li>S.C.I.A. per FORME SPECIALI DI VENDITA<\/li>\n<li>S.C.I.A. per ATTIVITA\u2019 DI B&amp;B<\/li>\n<li>S.C.I.A. per ATTIVITA\u2019 DI SOMMINISTRAZIONE TEMPORANEA DI ALIMENTI E BEVANDE<\/li>\n<li>S.C.I.A. ed Autorizzazioni\u00a0 per MANIFESTAZIONI DI TRATTENIMENTO E SVAGO TEMPORANEE<\/li>\n<li>RILASCIO TESSERINO HOBBISTA<\/li>\n<li>S.C.I.A. per MANIFESTAZIONI DI SORTE LOCALI<\/li>\n<\/ul>\n<p>(lotterie, tombole, pesche di beneficienza)<\/p>\n<p>Note: Sono escluse le manifestazioni\u00a0 di trattenimento e sorte locali\u00a0 organizzate da enti senza scopo di lucro e che abbiano il\u00a0 patrocinio\u00a0 dell\u2019amministrazione comunale<\/p>\n<p><!-- [if gte mso 9]&gt;--><\/td>\n<td style=\"height: 434px; width: 9.33333%;\" valign=\"top\">\n<p align=\"center\">\u20ac 20,00<\/p>\n<\/td>\n<td style=\"height: 434px; width: 15.6364%;\" valign=\"top\">\n<p align=\"center\">\u20ac 15,00<\/p>\n<\/td>\n<\/tr>\n<tr style=\"height: 73.9pt;\">\n<td style=\"height: 165px; width: 74.9091%;\" valign=\"top\">PROCEDIMENTO AUTOMATIZZATO relativo a procedimenti di competenza diretta del SUAP dell\u2019UNIONE, solo per le seguenti tipologia:<\/p>\n<ul>\n<li>RICHIESTA RILASCIO NUMERO MATRICOLA ASCENSORI E MONTACARICHI<\/li>\n<\/ul>\n<\/td>\n<td style=\"height: 165px; width: 9.33333%;\" valign=\"top\">\n<p align=\"center\">\u20ac 25,00<\/p>\n<\/td>\n<td style=\"height: 165px; width: 15.6364%;\" valign=\"top\">\n<p align=\"center\">\u20ac 15,00<\/p>\n<\/td>\n<\/tr>\n<tr>\n<td style=\"width: 74.9091%;\">PROCEDIMENTO DI SILENZIO-ASSENZO relativo a procedimenti di non competenza diretta del SUAP dell&#8217;UNIONE (es. edilizia produttiva) che si aggiunge ai diritti di istruttoria dell&#8217;Ente competente<\/td>\n<td style=\"width: 9.33333%;\">\n<p align=\"center\">\u20ac 20,00<\/p>\n<\/td>\n<td style=\"width: 15.6364%;\">\u20ac 15,00<\/td>\n<\/tr>\n<tr style=\"height: 79px;\">\n<td style=\"height: 79px; width: 74.9091%;\" valign=\"top\">PROCEDIMENTO DI SILENZIO-ASSENZO relativo a procedimenti di competenza diretta del SUAP dell\u2019UNIONE (es. commercio, polizia amministrativa)<\/td>\n<td style=\"height: 79px; width: 9.33333%;\" valign=\"top\">\n<p align=\"center\">\u20ac 55,00<\/p>\n<\/td>\n<td style=\"height: 79px; width: 15.6364%;\" valign=\"top\">\n<p align=\"center\">\u20ac 40,00<\/p>\n<\/td>\n<\/tr>\n<tr style=\"height: 166px;\">\n<td style=\"height: 166px; width: 74.9091%;\" valign=\"top\">PROCEDIMENTO DI SILENZIO-ASSENZO relativo a procedimenti di competenza diretta del SUAP dell\u2019UNIONE solo per le seguenti tipologia:<\/p>\n<ul>\n<li>AUTORIZZAZIONE PER MEDIA O GRANDE STRUTTURA DI VENDITA<\/li>\n<\/ul>\n<\/td>\n<td style=\"height: 166px; width: 9.33333%;\" valign=\"top\">\n<p align=\"center\">\u20ac 100,00<\/p>\n<\/td>\n<td style=\"height: 166px; width: 15.6364%;\" valign=\"top\">\n<p align=\"center\">\u20ac 70,00<\/p>\n<\/td>\n<\/tr>\n<tr style=\"height: 221px;\">\n<td style=\"height: 221px; width: 74.9091%;\" valign=\"top\">PROCEDIMENTO DI SILENZIO-ASSENZO relativo a procedimenti di competenza diretta del SUAP dell\u2019UNIONE solo per le seguenti tipologia:<\/p>\n<ul>\n<li>AUTORIZZAZIONE PER COMMERCIO ITINERANTE<\/li>\n<\/ul>\n<p>E SEDE FISSA<\/p>\n<ul>\n<li>PRODUTTORI AGRICOLI<\/li>\n<\/ul>\n<\/td>\n<td style=\"height: 221px; width: 9.33333%;\" valign=\"top\">\n<p align=\"center\">\u20ac 30,00<\/p>\n<\/td>\n<td style=\"height: 221px; width: 15.6364%;\" valign=\"top\">\n<p align=\"center\">\u20ac 20,00<\/p>\n<\/td>\n<\/tr>\n<tr style=\"height: 94px;\">\n<td style=\"height: 94px; width: 74.9091%;\" valign=\"top\">PROCEDIMENTO\u00a0 relativo a procedimenti non di competenza diretta del SUAP dell\u2019UNIONE (es. edilizia produttiva SCIA &#8211; RILASCIO TITOLO UNICO) che si aggiunge ai diritti di istruttoria dell\u2019ente competente<\/td>\n<td style=\"height: 94px; width: 9.33333%;\" valign=\"top\">\n<p align=\"center\">\u20ac 30,00<\/p>\n<\/td>\n<td style=\"height: 94px; width: 15.6364%;\" valign=\"top\">\n<p align=\"center\">\u20ac 20,00<\/p>\n<\/td>\n<\/tr>\n<tr style=\"height: 79px;\">\n<td style=\"height: 79px; width: 74.9091%;\" valign=\"top\">PROCEDIMENTO ORDINARIO relativo a procedimenti di competenza diretta del SUAP dell\u2019UNIONE (es. commercio, polizia amministrativa)<\/td>\n<td style=\"height: 79px; width: 9.33333%;\" valign=\"top\">\n<p align=\"center\">\u20ac 80,00<\/p>\n<\/td>\n<td style=\"height: 79px; width: 15.6364%;\" valign=\"top\">\n<p align=\"center\">\u20ac55,00<\/p>\n<\/td>\n<\/tr>\n<tr style=\"height: 79px;\">\n<td style=\"height: 79px; width: 74.9091%;\" valign=\"top\">CONVOCAZIONE DELLA CONFERENZA DI SERVIZI EX ART. 7, C. 3 D.P.R. 160\/2010 che si aggiunge ai diritti del procedimento ordinario<\/td>\n<td style=\"height: 79px; width: 9.33333%;\" valign=\"top\">\n<p align=\"center\">\u20ac 35,00<\/p>\n<\/td>\n<td style=\"height: 79px; width: 15.6364%;\" valign=\"top\">\n<p align=\"center\">\u20ac 30,00<\/p>\n<\/td>\n<\/tr>\n<tr style=\"height: 79px;\">\n<td style=\"height: 79px; width: 74.9091%;\" valign=\"top\">CONFORMITA\u2019 del PROGETTO PRELIMIARE<\/td>\n<td style=\"height: 79px; width: 9.33333%;\" valign=\"top\">\n<p align=\"center\">\u20ac 30,00<\/p>\n<\/td>\n<td style=\"height: 79px; width: 15.6364%;\" valign=\"top\">\n<p align=\"center\">\u20ac 20,00<\/p>\n<\/td>\n<\/tr>\n<tr style=\"height: 79px;\">\n<td style=\"height: 79px; width: 74.9091%;\" valign=\"top\">PROCEDIMENTO ORDINARIO in variante allo strumento urbanistico, che si aggiunge ai diritti di ogni singolo endoprocedimento<\/td>\n<td style=\"height: 79px; width: 9.33333%;\" valign=\"top\">\n<p align=\"center\">\u20ac 550,00<\/p>\n<\/td>\n<td style=\"height: 79px; width: 15.6364%;\" valign=\"top\">\n<p align=\"center\">\u20ac 500,00<\/p>\n<\/td>\n<\/tr>\n<tr style=\"height: 79px;\">\n<td style=\"height: 79px; width: 74.9091%;\" valign=\"top\">CHIUSURA LAVORI<\/td>\n<td style=\"height: 79px; width: 9.33333%;\" valign=\"top\">\n<p align=\"center\">\u20ac 30,00<\/p>\n<\/td>\n<td style=\"height: 79px; width: 15.6364%;\" valign=\"top\">\n<p align=\"center\">\u20ac 20,00<\/p>\n<\/td>\n<\/tr>\n<tr style=\"height: 79px;\">\n<td style=\"height: 79px; width: 74.9091%;\" valign=\"top\">COLLAUDO<\/td>\n<td style=\"height: 79px; width: 9.33333%;\" valign=\"top\">\n<p align=\"center\">\u20ac 55,00<\/p>\n<\/td>\n<td style=\"height: 79px; width: 15.6364%;\" valign=\"top\">\n<p align=\"center\">\u20ac 40,00<\/p>\n<\/td>\n<\/tr>\n<tr style=\"height: 79px;\">\n<td style=\"height: 79px; width: 74.9091%;\" valign=\"top\">VIDIMAZIONE REGISTRI:\u00a0 PUBBLICA SICUREZZA &#8211; VINO &#8211; FITOFARMACI &#8211; ALTRO<\/td>\n<td style=\"height: 79px; width: 9.33333%;\" valign=\"top\">\n<p align=\"center\">\u20ac 15,00<\/p>\n<\/td>\n<td style=\"height: 79px; width: 15.6364%;\" valign=\"top\">\n<p align=\"center\">\u20ac 15,00<\/p>\n<\/td>\n<\/tr>\n<\/tbody>\n<\/table>\n<p>&nbsp;<\/p>\n<p><strong>A.R.P.A.M. \u2013 Oneri istruttori<\/strong><\/p>\n<p><a href=\"http:\/\/www.arpa.marche.it\/images\/pdf\/agenzia\/Tariffario%20ARPAM%20ultima%20versione%2013_05_2019.pdf\">Tariffario<\/a>\u00a0dell\u2019Agenzia Regionale per l\u2019Ambiente Marche<\/p>\n<p><a href=\"https:\/\/www.unionecomunibelvedereomorrodalbasanmarcello.it\/wp-content\/uploads\/2023\/11\/Tariffario-ARPAM-ultima-versione-13_05_2019.pdf\">Tariffario ARPAM ultima versione 13_05_2019<\/a><\/p>\n<p><a href=\"https:\/\/suap.leterredellamarcasenone.it\/wp-content\/uploads\/2021\/12\/modulo-RDF.pdf\">MODULO<\/a>\u00a0RDF ARPAM<\/p>\n<p><a href=\"https:\/\/www.unionecomunibelvedereomorrodalbasanmarcello.it\/wp-content\/uploads\/2023\/11\/modulo-RDF.pdf\">modulo-RDF<\/a><\/p>\n<p>&nbsp;<\/p>\n<p><strong>COMANDO VIGILI DEL FUOCO<\/strong><br \/>\n<strong>ANCONA<\/strong><br \/>\n<strong>Area Prevenzione e Sicurezza Tecnica<\/strong><br \/>\n<strong>Ufficio Prevenzione Incendi<\/strong><\/p>\n<p>con il DM 11.10.2024, pubblicato in G.U. serie generale n. 249 del 23 ottobre 2024, sono state aggiornate le tariffe per i servizi a pagamento resi dal C.N.VV.F. in materia di prevenzione incendi, servizi di Vigilanza Antincendio (ex art. 18 D.Lgs. 139\/2006) , servizi tecnici di soccorso ovvero relative all\u2019impiego di personale, mezzi e natanti per i servizi tecnici a pagamento (ex art. 25 D.Lgs. 139\/2006)<strong> a decorrere dalla data del 24 ottobre 2024<\/strong> cosi come comunicato dalla DCPREV con nota prot. 17031 del 24.10.2024 (nostr. prot. 21827 di pari data)\u00a0<strong>\u00a0i versamenti dovuti sono disponibili le due seguenti modalit\u00e0:<\/strong><br \/>\n1. tramite piattaforma PagoPA, rinvenibile al seguente link https:\/\/pagopa.vigilfuoco.it;<br \/>\nL\u2019utilizzo di questa modalit\u00e0 \u00e8 raccomandata dal Dipartimento dei Vigili del Fuoco per la quale \u00e8 disponibile una guida sintetica per l\u2019utilizzo da parte dell\u2019utente al seguente link:<br \/>\nhttps:\/\/www.vigilfuoco.it\/sites\/default\/files\/2024-02\/Guida%20per%20il%20pagamento%20con%20PAGOPA.pdf<br \/>\n2. tramite bonifico ordinario verso gli IBAN associati ai capitoli di entrata.<\/p>\n<p>Per i versamenti dovuti al Comando VV.F. di ANCONA si riporta l\u2019IBAN da utilizzare:<br \/>\nIT 14Q 01000 03245 330 0 14 2447 00<br \/>\nN.B: la ricevuta del bonifico dovr\u00e0 obbligatoriamente contenere il codice identificativo dell\u2019operazione (CRO o TRN), in caso contrario il procedimento relativo sar\u00e0 sospeso<\/p>\n<p>&nbsp;<\/p>\n<p>&nbsp;<\/p>\n<p>&nbsp;<\/p>\n","protected":false},"excerpt":{"rendered":"<p>I diritti di istruttoria possono essere versati\u00a0 a mezzo di conto corrente\u00a0 postale n. 42105916 intestato a Unione dei Comuni\u00a0 di Belvedere O-Morro d\u2019Alba -San Marcello- servizio tesoreria\u00a0 specificando come causale &#8220;pagamento diritti di istruttoria&#8221; &#8211; \u00a0presso la tesoreria dell&#8217;Unione\u00a0 Codice IBAN:\u00a0 IT12 C087 0437 4600 0000 0103 166 AVVISO_TESORERIA La ricevuta del versamento dovr\u00e0 [&hellip;]<\/p>\n","protected":false},"author":1,"featured_media":0,"parent":0,"menu_order":0,"comment_status":"closed","ping_status":"closed","template":"","meta":[],"_links":{"self":[{"href":"https:\/\/www.unionecomunibelvedereomorrodalbasanmarcello.it\/index.php?rest_route=\/wp\/v2\/pages\/78"}],"collection":[{"href":"https:\/\/www.unionecomunibelvedereomorrodalbasanmarcello.it\/index.php?rest_route=\/wp\/v2\/pages"}],"about":[{"href":"https:\/\/www.unionecomunibelvedereomorrodalbasanmarcello.it\/index.php?rest_route=\/wp\/v2\/types\/page"}],"author":[{"embeddable":true,"href":"https:\/\/www.unionecomunibelvedereomorrodalbasanmarcello.it\/index.php?rest_route=\/wp\/v2\/users\/1"}],"replies":[{"embeddable":true,"href":"https:\/\/www.unionecomunibelvedereomorrodalbasanmarcello.it\/index.php?rest_route=%2Fwp%2Fv2%2Fcomments&post=78"}],"version-history":[{"count":21,"href":"https:\/\/www.unionecomunibelvedereomorrodalbasanmarcello.it\/index.php?rest_route=\/wp\/v2\/pages\/78\/revisions"}],"predecessor-version":[{"id":1775,"href":"https:\/\/www.unionecomunibelvedereomorrodalbasanmarcello.it\/index.php?rest_route=\/wp\/v2\/pages\/78\/revisions\/1775"}],"wp:attachment":[{"href":"https:\/\/www.unionecomunibelvedereomorrodalbasanmarcello.it\/index.php?rest_route=%2Fwp%2Fv2%2Fmedia&parent=78"}],"curies":[{"name":"wp","href":"https:\/\/api.w.org\/{rel}","templated":true}]}}